{"id":22,"date":"2021-02-01T09:32:55","date_gmt":"2021-02-01T09:32:55","guid":{"rendered":"https:\/\/www.ebtcremona.it\/terz\/home\/"},"modified":"2021-11-10T10:47:35","modified_gmt":"2021-11-10T10:47:35","slug":"home","status":"publish","type":"page","link":"https:\/\/www.ebtcremona.it\/terz\/","title":{"rendered":"Home"},"content":{"rendered":"\n\n\n\nEnte Bilaterale del Terziario Cremona\n\n\n\n\n\n\nCosa sono gli enti bilaterali\n\n\n<p>Gli Enti Bilaterali Territoriali per i Settori del Terziario, della Distribuzione, dei Servizi e del Turismo della Provincia di Cremona sono organismi paritetici senza fini di lucro, nati per essere di riferimento per tutte le aziende e lavoratori operanti nella Provincia di Cremona, nei rispettivi settori di competenza.<\/p>\n\n\n\nCome previsto dal rispettivo CCNL, \u00e8 stato costituito l&#8217;Ente Bilaterale del Terziario della provincia di Cremona tra Confcommercio della provincia di Cremona e i Sindacati Filcams C.G.I.L. \u2013 Fisascat C.I.S.L. e UILTuCS U.I.L.. \nI principali scopi dell&#8217;Ente sono:\n\npromuovere e gestire, a livello locale, la valorizzazione dell&#8217;apprendistato, le iniziative in materia di formazione e qualificazione professionale, anche in collaborazione con gli Enti Pubblici.\npromuovere corsi di riqualificazione per il personale occupato e per quello coinvolto in processi di ristrutturazione o crisi aziendali che comportino la cessazione o sospensione dei rapporti di lavoro.\npromuovere l&#8217;attuazione delle competenze in materia di sicurezza sui posti di lavoro di cui al D.Lgs. 81\/2008.\nsvolgere le funzioni previste dal CCNL in materia di apprendistato, contratti di formazione e lavoro, a tempo determinato, lavoro part-time ed interinale.\npromuovere, organizzare, partecipare, gestire qualsiasi iniziativa prevista da leggi, regolamenti o accordi derivanti dalla contrattazione collettiva.\n\n\n\n\n\nPresso EBT TERZIARIO di Via Manzoni n. 2 a Cremona \u00e8 costituita la &#8220;Commissione Paritetica Provinciale di conciliazione delle controversie individuali singole o plurime&#8221;.\n\n\n\n\n\nVersamenti\n\nIl CCNL dei dipendenti del settore Terziario, Distribuzione e Servizi, prevede l&#8217;obbligo del versamento delle quote mensili di finanziamento dell&#8217;Ente Bilaterale calcolate su paga base e contingenza, nelle seguenti misure:\n\n\n\n0,10% a carico delle imprese 0,05% a carico dei lavoratori\n\n\n\nLa quota del datore di lavoro \u00e8 sottoposta al contributo di solidariet\u00e0 del 10%; quella del dipendente \u00e8 trattenuta all&#8217;atto della corresponsione della retribuzione, per 14 mensilit\u00e0. L&#8217;importo deve essere indicato con apposita voce nel libro unico del lavoro.\nLe quote a carico dei lavoratori e del datore di lavoro devono essere trattenute mensilmente e versate trimestralmente. Entro 30 giorni dalla scadenza di ogni trimestre solare, i datori di lavoro sono tenuti ad effettuare il versamento delle quote e ad inviare all&#8217;Ente il riepilogo, distinto per trimestre, delle quote versate nel trimestre precedente utilizzando il modulo allegato (scheda riepilogo quote trimestrali) che dovr\u00e0 essere sottoscritto dal datore di lavoro o dal suo rappresentante legale\n\n\n<p>I versamenti dovranno essere effettuati con bonifico sul seguente conto corrente bancario:<\/p><p><br><\/p><p>c\/c bancario 447652\/63, intestato a Ente Bilaterale Territoriale del Terziario della provincia di Cremona \u2013 E.B.T. TERZIARIO -; presso Credit Agricole Cariparma. Cod. ABI 06230 \u2013 cod. CAB 11418 \u2013 cod. BIC CRPPIT2P218\nCODICE IBAN: IT 70 W 06230 11418 000044765263\n<\/p>\n<p><\/p>\n<br><br>\nOppure con\nF24 con codice EBCM \u2013 codice sede inps 2600\n<br>\n<br><p class=\"MsoNormal\" style=\"background-image: initial; background-position: initial; background-size: initial; background-repeat: initial; background-attachment: initial; background-origin: initial; background-clip: initial;\"><span style=\"font-size: 12pt;\">Al fine di agevolare le aziende negli adempimenti di versamento all&#8217;Ente\nBilaterale dei contributi obbligatori stabiliti dal Contratto Collettivo\nNazionale del settore Commercio siglato tra Confcommercio e i Sindacati dei\nLavoratori CGIL, CISL e UIL, soprattutto quando gli importi sono di piccola\nentit\u00e0, l&#8217;E.B.T. TERZIARIO ha stabilito di consentire alle aziende di poter\neffettuare il versamento diretto presso la sede degli uffici dell&#8217;Ente a\nCremona in via Manzoni, 2.<o:p><\/o:p><\/span><\/p>\n\n\n\n\n\nPer informazioni contattaci\n\n\n\n\n\n\n\n\n\n\n\n\n","protected":false},"excerpt":{"rendered":"","protected":false},"author":0,"featured_media":0,"parent":0,"menu_order":0,"comment_status":"closed","ping_status":"closed","template":"","meta":{"footnotes":""},"class_list":["post-22","page","type-page","status-publish","hentry"],"_links":{"self":[{"href":"https:\/\/www.ebtcremona.it\/terz\/wp-json\/wp\/v2\/pages\/22","targetHints":{"allow":["GET"]}}],"collection":[{"href":"https:\/\/www.ebtcremona.it\/terz\/wp-json\/wp\/v2\/pages"}],"about":[{"href":"https:\/\/www.ebtcremona.it\/terz\/wp-json\/wp\/v2\/types\/page"}],"replies":[{"embeddable":true,"href":"https:\/\/www.ebtcremona.it\/terz\/wp-json\/wp\/v2\/comments?post=22"}],"version-history":[{"count":10,"href":"https:\/\/www.ebtcremona.it\/terz\/wp-json\/wp\/v2\/pages\/22\/revisions"}],"predecessor-version":[{"id":286,"href":"https:\/\/www.ebtcremona.it\/terz\/wp-json\/wp\/v2\/pages\/22\/revisions\/286"}],"wp:attachment":[{"href":"https:\/\/www.ebtcremona.it\/terz\/wp-json\/wp\/v2\/media?parent=22"}],"curies":[{"name":"wp","href":"https:\/\/api.w.org\/{rel}","templated":true}]}}