{"id":150,"date":"2021-02-01T09:36:22","date_gmt":"2021-02-01T09:36:22","guid":{"rendered":"https:\/\/www.ebtcremona.it\/tur\/?page_id=3"},"modified":"2021-05-05T13:29:21","modified_gmt":"2021-05-05T13:29:21","slug":"note-legali","status":"publish","type":"page","link":"https:\/\/www.ebtcremona.it\/tur\/note-legali\/","title":{"rendered":"Note Legali"},"content":{"rendered":"\n\n<h2><p style=\"margin: 0px 0px 11.5px; color: rgb(38, 50, 56); font-family: Roboto, sans-serif; font-size: 16px; font-weight: 400;\"><span style=\"font-weight: 700;\">TITOLARE DEL SITO<\/span><\/p><p style=\"margin: 0px 0px 11.5px; color: rgb(38, 50, 56); font-family: Roboto, sans-serif; font-size: 16px; font-weight: 400;\">SCR di Garufi D. e C. S.n.c.<br>Sede: Via Magenta, 48 26100 Cremona CR<br>Partita Iva IT00715490199<br>Iscritta nel registro delle imprese di Cremona, n\u00b0 CR \u2013 107943<\/p><p style=\"margin: 0px 0px 11.5px; color: rgb(38, 50, 56); font-family: Roboto, sans-serif; font-size: 16px; font-weight: 400;\"><span style=\"font-weight: 700;\">UTILIZZATORE DEL SITO<\/span><\/p><p style=\"margin: 0px 0px 11.5px; color: rgb(38, 50, 56); font-family: Roboto, sans-serif; font-size: 16px; font-weight: 400;\">SCR di Garufi D. e C. S.n.c.<br>Sede: Via Magenta, 48 26100 Cremona CR<br>Partita Iva IT00715490199<br>Iscritta nel registro delle imprese di Cremona, n\u00b0 CR \u2013 107943<\/p><p style=\"margin: 0px 0px 11.5px; color: rgb(38, 50, 56); font-family: Roboto, sans-serif; font-size: 16px; font-weight: 400;\"><span style=\"font-weight: 700;\">COMUNICAZIONE DI COPYRIGHT<\/span><\/p><p style=\"margin: 0px 0px 11.5px; color: rgb(38, 50, 56); font-family: Roboto, sans-serif; font-size: 16px; font-weight: 400;\">Il presente sito i suoi contenuti, testi, documenti, marchi, loghi, immagini, grafica, la loro disposizione e i loro adattamenti sono coperti da copyright e sono protetti dalla legge sul Diritto d\u2019Autore e dalla Normativa a Tutela dei Marchi (Legge 22 aprile 1941 n.633 e successive modifiche, Regio Decreto n. 929 del 21 giugno 1942 e successive modifiche) e dal Codice di Propriet\u00e0 Industriale. All\u2019interno del presente sito potranno essere presenti anche immagini, documenti, loghi e marchi di terze parti che hanno espressamente autorizzato alla pubblicazione degli stessi nel sito. Anche il suddetto materiale di terzi \u00e8 protetto dalle predette normative ed \u00e8 coperto da copyright. \u00c8 fatto divieto di copiare, alterare, distribuire, pubblicare o utilizzare i contenuti del sito senza autorizzazione espressa scritta del titolare del sito.<\/p><p style=\"margin: 0px 0px 11.5px; color: rgb(38, 50, 56); font-family: Roboto, sans-serif; font-size: 16px; font-weight: 400;\"><span style=\"font-weight: 700;\">DOCUMENTAZIONE DISPONIBILE IN QUESTO SITO WEB<\/span><\/p><p style=\"margin: 0px 0px 11.5px; color: rgb(38, 50, 56); font-family: Roboto, sans-serif; font-size: 16px; font-weight: 400;\">L\u2019utente \u00e8 autorizzato a utilizzare la Documentazione disponibile in questo sito web a condizione che (1) la comunicazione di copyright di cui infra sia presente in tutte le copie e che sia accompagnata dalla presente autorizzazione, (2) l\u2019uso di tale Documentazione sia inteso solo a scopo informativo e non commerciale o per uso personale e che la suddetta Documentazione non sia copiata o distribuita su alcun computer di rete o trasmessa tramite alcun canale di comunicazione e infine (3) non vengano apportate modifiche ad alcuna parte della Documentazione. L\u2019uso per qualsiasi altro scopo \u00e8 espressamente vietato dalla legge in vigore e pu\u00f2 comportare gravi sanzioni civili e penali: i trasgressori saranno perseguiti nella misura massima consentita dalla legge in vigore.<\/p><p style=\"margin: 0px 0px 11.5px; color: rgb(38, 50, 56); font-family: Roboto, sans-serif; font-size: 16px; font-weight: 400;\">Nessun logo, elemento grafico, suono o immagine tratta dal presente sito web pu\u00f2 essere copiato o ritrasmessa senza l\u2019espressa autorizzazione del titolare del sito. Gli elementi costitutivi del presente sito web sono tutelati da accordi commerciali, da leggi sui marchi registrati e sulla concorrenza sleale e da altre leggi e non possono essere copiati o imitati integralmente o parzialmente.<\/p><p style=\"margin: 0px 0px 11.5px; color: rgb(38, 50, 56); font-family: Roboto, sans-serif; font-size: 16px; font-weight: 400;\">Il titolare del sito non rilascia alcuna dichiarazione relativamente all\u2019adeguatezza delle informazioni contenute nella documentazione e nella relativa grafica pubblicati nel presente sito web, per qualsiasi scopo. La documentazione e la relativa grafica pubblicate su questo sito web vengono fornite \u201ccos\u00ec come sono\u201d senza garanzia di alcun tipo: possono includere errori, inesattezze tecniche o imprecisioni e sono soggette a modifiche periodiche senza preavviso.<\/p><p style=\"margin: 0px 0px 11.5px; color: rgb(38, 50, 56); font-family: Roboto, sans-serif; font-size: 16px; font-weight: 400;\"><span style=\"font-weight: 700;\">DOCUMENTAZIONE E SERVIZI DISPONIBILI IN QUESTO SITO WEB<\/span><\/p><p style=\"margin: 0px 0px 11.5px; color: rgb(38, 50, 56); font-family: Roboto, sans-serif; font-size: 16px; font-weight: 400;\">Salvo i casi di dolo o colpa grave, il titolare del sito non sar\u00e0 responsabile per danni speciali, indiretti o consequenziali o per altri danni di qualsiasi tipo risultanti da perdita del diritto d\u2019uso, perdita di informazioni o mancato guadagno, siano essi risultanti dall\u2019adempimento del contratto, da negligenza o da altre azioni lesive, derivanti da o in qualsiasi modo connessi all\u2019utilizzo o documentazione o all\u2019errata o mancata fornitura dei servizi o delle informazioni disponibili su questo sito web.<\/p><p style=\"margin: 0px 0px 11.5px; color: rgb(38, 50, 56); font-family: Roboto, sans-serif; font-size: 16px; font-weight: 400;\"><span style=\"font-weight: 700;\">Tutti i diritti non espressamente concessi dal presente Contratto sono riservati.<\/span><\/p><\/h2>\n\n\n","protected":false},"excerpt":{"rendered":"","protected":false},"author":1,"featured_media":0,"parent":0,"menu_order":0,"comment_status":"closed","ping_status":"closed","template":"","meta":{"footnotes":""},"class_list":["post-150","page","type-page","status-publish","hentry"],"_links":{"self":[{"href":"https:\/\/www.ebtcremona.it\/tur\/wp-json\/wp\/v2\/pages\/150","targetHints":{"allow":["GET"]}}],"collection":[{"href":"https:\/\/www.ebtcremona.it\/tur\/wp-json\/wp\/v2\/pages"}],"about":[{"href":"https:\/\/www.ebtcremona.it\/tur\/wp-json\/wp\/v2\/types\/page"}],"author":[{"embeddable":true,"href":"https:\/\/www.ebtcremona.it\/tur\/wp-json\/wp\/v2\/users\/1"}],"replies":[{"embeddable":true,"href":"https:\/\/www.ebtcremona.it\/tur\/wp-json\/wp\/v2\/comments?post=150"}],"version-history":[{"count":2,"href":"https:\/\/www.ebtcremona.it\/tur\/wp-json\/wp\/v2\/pages\/150\/revisions"}],"predecessor-version":[{"id":156,"href":"https:\/\/www.ebtcremona.it\/tur\/wp-json\/wp\/v2\/pages\/150\/revisions\/156"}],"wp:attachment":[{"href":"https:\/\/www.ebtcremona.it\/tur\/wp-json\/wp\/v2\/media?parent=150"}],"curies":[{"name":"wp","href":"https:\/\/api.w.org\/{rel}","templated":true}]}}