{"id":22,"date":"2021-02-01T09:36:30","date_gmt":"2021-02-01T09:36:30","guid":{"rendered":"https:\/\/www.ebtcremona.it\/tur\/home\/"},"modified":"2022-02-18T14:03:06","modified_gmt":"2022-02-18T14:03:06","slug":"home","status":"publish","type":"page","link":"https:\/\/www.ebtcremona.it\/tur\/","title":{"rendered":"Home"},"content":{"rendered":"\n\n\n<h2><span style=\"color: rgb(252, 252, 252); font-family: &quot;Work Sans&quot;, sans-serif; font-size: 40px; font-style: normal; font-variant-ligatures: normal; font-variant-caps: normal; font-weight: 500; text-align: center;\">Ente Bilaterale del Turismo Cremona<\/span><br><\/h2>\n\n\n\n\n\n<h2>Cosa sono gli enti bilaterali<\/h2>\n<p style=\"font-size: 17px;\">Gli Enti Bilaterali Territoriali per i Settori del Terziario, della Distribuzione, dei Servizi e del Turismo della Provincia di Cremona sono organismi paritetici senza fini di lucro, nati per essere di riferimento per tutte le aziende e lavoratori operanti nella Provincia di Cremona, nei rispettivi settori di competenza.<\/p>\n\n\n\nCome previsto dal rispettivo CCNL, \u00e8 stato costituito l&#8217;Ente Bilaterale del Turismo della provincia di Cremona tra Confcommercio della provincia di Cremona e i Sindacati Filcams C.G.I.L. \u2013 Fisascat C.I.S.L. e UILTuCS U.I.L.. \nI principali scopi dell&#8217;Ente sono:\n\npromuovere e gestire, a livello locale, la valorizzazione dell&#8217;apprendistato, le iniziative in materia di formazione e qualificazione professionale, anche in collaborazione con gli Enti Pubblici.\npromuovere corsi di riqualificazione per il personale occupato e per quello coinvolto in processi di ristrutturazione o crisi aziendali che comportino la cessazione o sospensione dei rapporti di lavoro.\npromuovere l&#8217;attuazione delle competenze in materia di sicurezza sui posti di lavoro di cui al D.Lgs. 81\/2008.\nsvolgere le funzioni previste dal CCNL in materia di apprendistato, contratti di formazione e lavoro, a tempo determinato, lavoro part-time ed interinale.\npromuovere, organizzare, partecipare, gestire qualsiasi iniziativa prevista da leggi, regolamenti o accordi derivanti dalla contrattazione collettiva.\n\n\n\n\n\n\n\nPresso <strong>EBT Turismo<\/strong>&nbsp;di Via Manzoni n. 2 a Cremona \u00e8 costituita la &#8220;Commissione Paritetica Provinciale di conciliazione delle controversie individuali singole o plurime&#8221;.\n\n\n\n\nVersamenti\nIl CCNL dei dipendenti del settore Turismo, prevede l&#8217;obbligo del versamento delle quote mensili di finanziamento dell&#8217;Ente Bilaterale calcolate su paga base e contingenza, nelle seguenti misure:\n\n\n\n0,20% a carico delle imprese 0,20% a carico dei lavoratori\n\n\n\nLa quota del datore di lavoro \u00e8 sottoposta al contributo di solidariet\u00e0 del 10%; quella del dipendente \u00e8 trattenuta all&#8217;atto della corresponsione della retribuzione, per 14 mensilit\u00e0. L&#8217;importo deve essere indicato con apposita voce nel libro unico del lavoro.\nLe quote a carico dei lavoratori e del datore di lavoro devono essere trattenute mensilmente e versate trimestralmente. Entro 30 giorni dalla scadenza di ogni trimestre solare, i datori di lavoro sono tenuti ad effettuare il versamento delle quote e ad inviare all&#8217;Ente il riepilogo, distinto per trimestre, delle quote versate nel trimestre precedente utilizzando il modulo allegato (scheda riepilogo quote trimestrali) che dovr\u00e0 essere sottoscritto dal datore di lavoro o dal suo rappresentante legale\n\n\n<p>I versamenti dovranno essere effettuati con bonifico sul seguente conto corrente bancario:<\/p><br><p>codice IBAN   IT56U0623011418000044913490 Credit-Agricole \nente bilaterale Turismo della provincia di Cremona \u2013 E.B.T. TURISMO\nOppure con\nF24 con codice EBTU \u2013 codice sede inps 2600\n\n\n<br \/>\n<br><br><br>Al fine di agevolare le aziende negli adempimenti di versamento all&#8217;Ente Bilaterale dei contributi obbligatori stabiliti dal Contratto Collettivo Nazionale del settore Turismo siglato tra Confcommercio e i Sindacati dei Lavoratori CGIL, CISL e UIL, soprattutto quando gli importi sono di piccola entit\u00e0, l&#8217;E.B.T. TURISMO ha stabilito di consentire alle aziende di poter effettuare il versamento diretto presso la sede degli uffici dell&#8217;Ente a Cremona in via Manzoni, 2.\n\n\n\n\n<p>Per informazioni contattaci&nbsp;<\/p>\n\n\n\n\n\n\n\n\n\n\n\n","protected":false},"excerpt":{"rendered":"","protected":false},"author":0,"featured_media":0,"parent":0,"menu_order":0,"comment_status":"closed","ping_status":"closed","template":"","meta":{"footnotes":""},"class_list":["post-22","page","type-page","status-publish","hentry"],"_links":{"self":[{"href":"https:\/\/www.ebtcremona.it\/tur\/wp-json\/wp\/v2\/pages\/22","targetHints":{"allow":["GET"]}}],"collection":[{"href":"https:\/\/www.ebtcremona.it\/tur\/wp-json\/wp\/v2\/pages"}],"about":[{"href":"https:\/\/www.ebtcremona.it\/tur\/wp-json\/wp\/v2\/types\/page"}],"replies":[{"embeddable":true,"href":"https:\/\/www.ebtcremona.it\/tur\/wp-json\/wp\/v2\/comments?post=22"}],"version-history":[{"count":33,"href":"https:\/\/www.ebtcremona.it\/tur\/wp-json\/wp\/v2\/pages\/22\/revisions"}],"predecessor-version":[{"id":197,"href":"https:\/\/www.ebtcremona.it\/tur\/wp-json\/wp\/v2\/pages\/22\/revisions\/197"}],"wp:attachment":[{"href":"https:\/\/www.ebtcremona.it\/tur\/wp-json\/wp\/v2\/media?parent=22"}],"curies":[{"name":"wp","href":"https:\/\/api.w.org\/{rel}","templated":true}]}}